{"id":225,"date":"2025-07-29T17:59:29","date_gmt":"2025-07-29T20:59:29","guid":{"rendered":"https:\/\/staging1.silvamg.com\/?page_id=225"},"modified":"2025-07-30T17:45:41","modified_gmt":"2025-07-30T20:45:41","slug":"blog","status":"publish","type":"page","link":"https:\/\/staging1.silvamg.com\/index.php\/blog\/","title":{"rendered":"Blog"},"content":{"rendered":"\t\t<div data-elementor-type=\"wp-page\" data-elementor-id=\"225\" class=\"elementor elementor-225\" data-elementor-post-type=\"page\">\n\t\t\t\t<div class=\"elementor-element elementor-element-163b12b e-flex e-con-boxed e-con e-parent\" data-id=\"163b12b\" data-element_type=\"container\" data-settings=\"{&quot;background_background&quot;:&quot;classic&quot;}\">\n\t\t\t\t\t<div class=\"e-con-inner\">\n\t\t\t\t<div class=\"elementor-element elementor-element-cf37e01 elementor-widget__width-inherit elementor-widget elementor-widget-heading\" data-id=\"cf37e01\" data-element_type=\"widget\" data-widget_type=\"heading.default\">\n\t\t\t\t<div class=\"elementor-widget-container\">\n\t\t\t\t\t<h2 class=\"elementor-heading-title elementor-size-default\">Blog<\/h2>\t\t\t\t<\/div>\n\t\t\t\t<\/div>\n\t\t\t\t\t<\/div>\n\t\t\t\t<\/div>\n\t\t<div class=\"elementor-element elementor-element-6ffe966 e-flex e-con-boxed e-con e-parent\" data-id=\"6ffe966\" data-element_type=\"container\">\n\t\t\t\t\t<div class=\"e-con-inner\">\n\t\t\t\t<div class=\"elementor-element elementor-element-ef3892a elementor-grid-3 elementor-grid-tablet-2 elementor-grid-mobile-1 elementor-posts--thumbnail-top load-more-align-center elementor-widget elementor-widget-posts\" data-id=\"ef3892a\" data-element_type=\"widget\" data-settings=\"{&quot;pagination_type&quot;:&quot;load_more_on_click&quot;,&quot;classic_columns&quot;:&quot;3&quot;,&quot;classic_columns_tablet&quot;:&quot;2&quot;,&quot;classic_columns_mobile&quot;:&quot;1&quot;,&quot;classic_row_gap&quot;:{&quot;unit&quot;:&quot;px&quot;,&quot;size&quot;:35,&quot;sizes&quot;:[]},&quot;classic_row_gap_tablet&quot;:{&quot;unit&quot;:&quot;px&quot;,&quot;size&quot;:&quot;&quot;,&quot;sizes&quot;:[]},&quot;classic_row_gap_mobile&quot;:{&quot;unit&quot;:&quot;px&quot;,&quot;size&quot;:&quot;&quot;,&quot;sizes&quot;:[]},&quot;load_more_spinner&quot;:{&quot;value&quot;:&quot;fas fa-spinner&quot;,&quot;library&quot;:&quot;fa-solid&quot;}}\" data-widget_type=\"posts.classic\">\n\t\t\t\t<div class=\"elementor-widget-container\">\n\t\t\t\t\t\t\t<div class=\"elementor-posts-container elementor-posts elementor-posts--skin-classic elementor-grid\" role=\"list\">\n\t\t\t\t<article class=\"elementor-post elementor-grid-item post-186 post type-post status-publish format-standard has-post-thumbnail hentry category-geral\" role=\"listitem\">\n\t\t\t\t<a class=\"elementor-post__thumbnail__link\" href=\"https:\/\/staging1.silvamg.com\/index.php\/2025\/07\/29\/os-5-erros-mais-comuns-em-contratos-e-como-evita-los\/\" tabindex=\"-1\" >\n\t\t\t<div class=\"elementor-post__thumbnail\"><img fetchpriority=\"high\" decoding=\"async\" width=\"400\" height=\"300\" src=\"https:\/\/staging1.silvamg.com\/wp-content\/uploads\/2025\/07\/0-1.jpg\" class=\"attachment-full size-full wp-image-22\" alt=\"\" srcset=\"https:\/\/staging1.silvamg.com\/wp-content\/uploads\/2025\/07\/0-1.jpg 400w, https:\/\/staging1.silvamg.com\/wp-content\/uploads\/2025\/07\/0-1-300x225.jpg 300w\" sizes=\"(max-width: 400px) 100vw, 400px\" \/><\/div>\n\t\t<\/a>\n\t\t\t\t<div class=\"elementor-post__text\">\n\t\t\t\t<h3 class=\"elementor-post__title\">\n\t\t\t<a href=\"https:\/\/staging1.silvamg.com\/index.php\/2025\/07\/29\/os-5-erros-mais-comuns-em-contratos-e-como-evita-los\/\" >\n\t\t\t\tOs 5 erros mais comuns em contratos e como evit\u00e1-los\t\t\t<\/a>\n\t\t<\/h3>\n\t\t\t\t<div class=\"elementor-post__meta-data\">\n\t\t\t\t\t<span class=\"elementor-post-date\">\n\t\t\t29 de julho de 2025\t\t<\/span>\n\t\t\t\t<\/div>\n\t\t\t\t<div class=\"elementor-post__excerpt\">\n\t\t\t<p>\u26a0\ufe0f 1. Falta de Descri\u00e7\u00e3o Clara das Obriga\u00e7\u00f5es Erro: Termos vagos ou gen\u00e9ricos que deixam margem para interpreta\u00e7\u00f5es diferentes. Consequ\u00eancia: Conflitos sobre o que foi realmente acordado. Como evitar: Detalhe<\/p>\n\t\t<\/div>\n\t\t\n\t\t<a class=\"elementor-post__read-more\" href=\"https:\/\/staging1.silvamg.com\/index.php\/2025\/07\/29\/os-5-erros-mais-comuns-em-contratos-e-como-evita-los\/\" aria-label=\"Leia mais sobre Os 5 erros mais comuns em contratos e como evit\u00e1-los\" tabindex=\"-1\" >\n\t\t\tLeia mais \u00bb\t\t<\/a>\n\n\t\t\t\t<\/div>\n\t\t\t\t<\/article>\n\t\t\t\t<article class=\"elementor-post elementor-grid-item post-184 post type-post status-publish format-standard has-post-thumbnail hentry category-consumidor\" role=\"listitem\">\n\t\t\t\t<a class=\"elementor-post__thumbnail__link\" href=\"https:\/\/staging1.silvamg.com\/index.php\/2025\/07\/29\/direitos-do-consumidor-o-que-voce-precisa-saber\/\" tabindex=\"-1\" >\n\t\t\t<div class=\"elementor-post__thumbnail\"><img decoding=\"async\" width=\"400\" height=\"300\" src=\"https:\/\/staging1.silvamg.com\/wp-content\/uploads\/2025\/07\/Artboard-1-copy-4.jpg\" class=\"attachment-full size-full wp-image-30\" alt=\"\" srcset=\"https:\/\/staging1.silvamg.com\/wp-content\/uploads\/2025\/07\/Artboard-1-copy-4.jpg 400w, https:\/\/staging1.silvamg.com\/wp-content\/uploads\/2025\/07\/Artboard-1-copy-4-300x225.jpg 300w\" sizes=\"(max-width: 400px) 100vw, 400px\" \/><\/div>\n\t\t<\/a>\n\t\t\t\t<div class=\"elementor-post__text\">\n\t\t\t\t<h3 class=\"elementor-post__title\">\n\t\t\t<a href=\"https:\/\/staging1.silvamg.com\/index.php\/2025\/07\/29\/direitos-do-consumidor-o-que-voce-precisa-saber\/\" >\n\t\t\t\tDireitos do consumidor: O que voc\u00ea precisa saber?\t\t\t<\/a>\n\t\t<\/h3>\n\t\t\t\t<div class=\"elementor-post__meta-data\">\n\t\t\t\t\t<span class=\"elementor-post-date\">\n\t\t\t29 de julho de 2025\t\t<\/span>\n\t\t\t\t<\/div>\n\t\t\t\t<div class=\"elementor-post__excerpt\">\n\t\t\t<p>\ud83d\udcdc Direitos Fundamentais do Consumidor Aqui est\u00e3o os principais direitos que voc\u00ea precisa conhecer: 1. Direito \u00e0 informa\u00e7\u00e3o clara e adequada Produtos e servi\u00e7os devem apresentar informa\u00e7\u00f5es precisas sobre pre\u00e7o,<\/p>\n\t\t<\/div>\n\t\t\n\t\t<a class=\"elementor-post__read-more\" href=\"https:\/\/staging1.silvamg.com\/index.php\/2025\/07\/29\/direitos-do-consumidor-o-que-voce-precisa-saber\/\" aria-label=\"Leia mais sobre Direitos do consumidor: O que voc\u00ea precisa saber?\" tabindex=\"-1\" >\n\t\t\tLeia mais \u00bb\t\t<\/a>\n\n\t\t\t\t<\/div>\n\t\t\t\t<\/article>\n\t\t\t\t<article class=\"elementor-post elementor-grid-item post-182 post type-post status-publish format-standard has-post-thumbnail hentry category-familiar\" role=\"listitem\">\n\t\t\t\t<a class=\"elementor-post__thumbnail__link\" href=\"https:\/\/staging1.silvamg.com\/index.php\/2025\/07\/29\/como-funciona-o-divorcio-no-brasil-um-guia-passo-a-passo\/\" tabindex=\"-1\" >\n\t\t\t<div class=\"elementor-post__thumbnail\"><img decoding=\"async\" width=\"400\" height=\"300\" src=\"https:\/\/staging1.silvamg.com\/wp-content\/uploads\/2025\/07\/0-2.jpg\" class=\"attachment-full size-full wp-image-23\" alt=\"\" srcset=\"https:\/\/staging1.silvamg.com\/wp-content\/uploads\/2025\/07\/0-2.jpg 400w, https:\/\/staging1.silvamg.com\/wp-content\/uploads\/2025\/07\/0-2-300x225.jpg 300w\" sizes=\"(max-width: 400px) 100vw, 400px\" \/><\/div>\n\t\t<\/a>\n\t\t\t\t<div class=\"elementor-post__text\">\n\t\t\t\t<h3 class=\"elementor-post__title\">\n\t\t\t<a href=\"https:\/\/staging1.silvamg.com\/index.php\/2025\/07\/29\/como-funciona-o-divorcio-no-brasil-um-guia-passo-a-passo\/\" >\n\t\t\t\tComo funciona o div\u00f3rcio no brasil: Um guia passo a passo\t\t\t<\/a>\n\t\t<\/h3>\n\t\t\t\t<div class=\"elementor-post__meta-data\">\n\t\t\t\t\t<span class=\"elementor-post-date\">\n\t\t\t29 de julho de 2025\t\t<\/span>\n\t\t\t\t<\/div>\n\t\t\t\t<div class=\"elementor-post__excerpt\">\n\t\t\t<p>\ud83d\udc94 O Que \u00e9 o Div\u00f3rcio? O div\u00f3rcio \u00e9 o ato jur\u00eddico que encerra o casamento civil, rompendo o v\u00ednculo conjugal e permitindo que as partes se casem novamente, se<\/p>\n\t\t<\/div>\n\t\t\n\t\t<a class=\"elementor-post__read-more\" href=\"https:\/\/staging1.silvamg.com\/index.php\/2025\/07\/29\/como-funciona-o-divorcio-no-brasil-um-guia-passo-a-passo\/\" aria-label=\"Leia mais sobre Como funciona o div\u00f3rcio no brasil: Um guia passo a passo\" tabindex=\"-1\" >\n\t\t\tLeia mais \u00bb\t\t<\/a>\n\n\t\t\t\t<\/div>\n\t\t\t\t<\/article>\n\t\t\t\t<article class=\"elementor-post elementor-grid-item post-180 post type-post status-publish format-standard has-post-thumbnail hentry category-familiar\" role=\"listitem\">\n\t\t\t\t<a class=\"elementor-post__thumbnail__link\" href=\"https:\/\/staging1.silvamg.com\/index.php\/2025\/07\/29\/inventario-e-partilha-de-bens-o-que-voce-deve-saber\/\" tabindex=\"-1\" >\n\t\t\t<div class=\"elementor-post__thumbnail\"><img loading=\"lazy\" decoding=\"async\" width=\"400\" height=\"300\" src=\"https:\/\/staging1.silvamg.com\/wp-content\/uploads\/2025\/07\/0-3.jpg\" class=\"attachment-full size-full wp-image-24\" alt=\"\" srcset=\"https:\/\/staging1.silvamg.com\/wp-content\/uploads\/2025\/07\/0-3.jpg 400w, https:\/\/staging1.silvamg.com\/wp-content\/uploads\/2025\/07\/0-3-300x225.jpg 300w\" sizes=\"(max-width: 400px) 100vw, 400px\" \/><\/div>\n\t\t<\/a>\n\t\t\t\t<div class=\"elementor-post__text\">\n\t\t\t\t<h3 class=\"elementor-post__title\">\n\t\t\t<a href=\"https:\/\/staging1.silvamg.com\/index.php\/2025\/07\/29\/inventario-e-partilha-de-bens-o-que-voce-deve-saber\/\" >\n\t\t\t\tInvent\u00e1rio e partilha de bens: O que voc\u00ea deve saber\t\t\t<\/a>\n\t\t<\/h3>\n\t\t\t\t<div class=\"elementor-post__meta-data\">\n\t\t\t\t\t<span class=\"elementor-post-date\">\n\t\t\t29 de julho de 2025\t\t<\/span>\n\t\t\t\t<\/div>\n\t\t\t\t<div class=\"elementor-post__excerpt\">\n\t\t\t<p>\u2696\ufe0f O Que \u00e9 Invent\u00e1rio e Partilha de Bens? Invent\u00e1rio: Processo legal que identifica, avalia e organiza os bens, direitos e d\u00edvidas deixados por uma pessoa falecida. Partilha: Etapa em<\/p>\n\t\t<\/div>\n\t\t\n\t\t<a class=\"elementor-post__read-more\" href=\"https:\/\/staging1.silvamg.com\/index.php\/2025\/07\/29\/inventario-e-partilha-de-bens-o-que-voce-deve-saber\/\" aria-label=\"Leia mais sobre Invent\u00e1rio e partilha de bens: O que voc\u00ea deve saber\" tabindex=\"-1\" >\n\t\t\tLeia mais \u00bb\t\t<\/a>\n\n\t\t\t\t<\/div>\n\t\t\t\t<\/article>\n\t\t\t\t<article class=\"elementor-post elementor-grid-item post-178 post type-post status-publish format-standard has-post-thumbnail hentry category-geral\" role=\"listitem\">\n\t\t\t\t<a class=\"elementor-post__thumbnail__link\" href=\"https:\/\/staging1.silvamg.com\/index.php\/2025\/07\/29\/entenda-o-que-e-compliance-e-sua-importancia-para-empresas\/\" tabindex=\"-1\" >\n\t\t\t<div class=\"elementor-post__thumbnail\"><img loading=\"lazy\" decoding=\"async\" width=\"400\" height=\"300\" src=\"https:\/\/staging1.silvamg.com\/wp-content\/uploads\/2025\/07\/0-4.jpg\" class=\"attachment-full size-full wp-image-25\" alt=\"\" srcset=\"https:\/\/staging1.silvamg.com\/wp-content\/uploads\/2025\/07\/0-4.jpg 400w, https:\/\/staging1.silvamg.com\/wp-content\/uploads\/2025\/07\/0-4-300x225.jpg 300w\" sizes=\"(max-width: 400px) 100vw, 400px\" \/><\/div>\n\t\t<\/a>\n\t\t\t\t<div class=\"elementor-post__text\">\n\t\t\t\t<h3 class=\"elementor-post__title\">\n\t\t\t<a href=\"https:\/\/staging1.silvamg.com\/index.php\/2025\/07\/29\/entenda-o-que-e-compliance-e-sua-importancia-para-empresas\/\" >\n\t\t\t\tEntenda o que \u00e9 compliance e sua import\u00e2ncia para empresas\t\t\t<\/a>\n\t\t<\/h3>\n\t\t\t\t<div class=\"elementor-post__meta-data\">\n\t\t\t\t\t<span class=\"elementor-post-date\">\n\t\t\t29 de julho de 2025\t\t<\/span>\n\t\t\t\t<\/div>\n\t\t\t\t<div class=\"elementor-post__excerpt\">\n\t\t\t<p>O que \u00e9 Compliance? Compliance vem do ingl\u00eas to comply, que significa &#8220;estar em conformidade&#8221;. No contexto empresarial, refere-se ao conjunto de pr\u00e1ticas, pol\u00edticas e procedimentos que garantem que a<\/p>\n\t\t<\/div>\n\t\t\n\t\t<a class=\"elementor-post__read-more\" href=\"https:\/\/staging1.silvamg.com\/index.php\/2025\/07\/29\/entenda-o-que-e-compliance-e-sua-importancia-para-empresas\/\" aria-label=\"Leia mais sobre Entenda o que \u00e9 compliance e sua import\u00e2ncia para empresas\" tabindex=\"-1\" >\n\t\t\tLeia mais \u00bb\t\t<\/a>\n\n\t\t\t\t<\/div>\n\t\t\t\t<\/article>\n\t\t\t\t<article class=\"elementor-post elementor-grid-item post-256 post type-post status-publish format-standard has-post-thumbnail hentry category-trabalhista\" role=\"listitem\">\n\t\t\t\t<a class=\"elementor-post__thumbnail__link\" href=\"https:\/\/staging1.silvamg.com\/index.php\/2025\/05\/29\/postagem-de-exemplo-02\/\" tabindex=\"-1\" >\n\t\t\t<div class=\"elementor-post__thumbnail\"><img loading=\"lazy\" decoding=\"async\" width=\"400\" height=\"300\" src=\"https:\/\/staging1.silvamg.com\/wp-content\/uploads\/2025\/07\/0-4.jpg\" class=\"attachment-full size-full wp-image-25\" alt=\"\" srcset=\"https:\/\/staging1.silvamg.com\/wp-content\/uploads\/2025\/07\/0-4.jpg 400w, https:\/\/staging1.silvamg.com\/wp-content\/uploads\/2025\/07\/0-4-300x225.jpg 300w\" sizes=\"(max-width: 400px) 100vw, 400px\" \/><\/div>\n\t\t<\/a>\n\t\t\t\t<div class=\"elementor-post__text\">\n\t\t\t\t<h3 class=\"elementor-post__title\">\n\t\t\t<a href=\"https:\/\/staging1.silvamg.com\/index.php\/2025\/05\/29\/postagem-de-exemplo-02\/\" >\n\t\t\t\tPostagem de exemplo 02\t\t\t<\/a>\n\t\t<\/h3>\n\t\t\t\t<div class=\"elementor-post__meta-data\">\n\t\t\t\t\t<span class=\"elementor-post-date\">\n\t\t\t29 de maio de 2025\t\t<\/span>\n\t\t\t\t<\/div>\n\t\t\t\t<div class=\"elementor-post__excerpt\">\n\t\t\t<p>\ud83d\udce2 Exemplo de Postagem: Tema Motivacional para Instagram Imagem sugerida: Uma paisagem inspiradora ou uma pessoa em a\u00e7\u00e3o (correndo, trabalhando, estudando) Legenda: \ud83c\udf1f &#8220;N\u00e3o espere por oportunidades. Crie voc\u00ea mesmo<\/p>\n\t\t<\/div>\n\t\t\n\t\t<a class=\"elementor-post__read-more\" href=\"https:\/\/staging1.silvamg.com\/index.php\/2025\/05\/29\/postagem-de-exemplo-02\/\" aria-label=\"Leia mais sobre Postagem de exemplo 02\" tabindex=\"-1\" >\n\t\t\tLeia mais \u00bb\t\t<\/a>\n\n\t\t\t\t<\/div>\n\t\t\t\t<\/article>\n\t\t\t\t<\/div>\n\t\t\t\t\t<span class=\"e-load-more-spinner\">\n\t\t\t\t<svg aria-hidden=\"true\" class=\"e-font-icon-svg e-fas-spinner\" viewBox=\"0 0 512 512\" xmlns=\"http:\/\/www.w3.org\/2000\/svg\"><path d=\"M304 48c0 26.51-21.49 48-48 48s-48-21.49-48-48 21.49-48 48-48 48 21.49 48 48zm-48 368c-26.51 0-48 21.49-48 48s21.49 48 48 48 48-21.49 48-48-21.49-48-48-48zm208-208c-26.51 0-48 21.49-48 48s21.49 48 48 48 48-21.49 48-48-21.49-48-48-48zM96 256c0-26.51-21.49-48-48-48S0 229.49 0 256s21.49 48 48 48 48-21.49 48-48zm12.922 99.078c-26.51 0-48 21.49-48 48s21.49 48 48 48 48-21.49 48-48c0-26.509-21.491-48-48-48zm294.156 0c-26.51 0-48 21.49-48 48s21.49 48 48 48 48-21.49 48-48c0-26.509-21.49-48-48-48zM108.922 60.922c-26.51 0-48 21.49-48 48s21.49 48 48 48 48-21.49 48-48-21.491-48-48-48z\"><\/path><\/svg>\t\t\t<\/span>\n\t\t\n\t\t\t\t<div class=\"e-load-more-anchor\" data-page=\"1\" data-max-page=\"2\" data-next-page=\"https:\/\/staging1.silvamg.com\/index.php\/wp-json\/wp\/v2\/pages\/225\/page\/2\/\"><\/div>\n\t\t\t\t<div class=\"elementor-button-wrapper\">\n\t\t\t<a class=\"elementor-button elementor-size-sm\" role=\"button\">\n\t\t\t\t\t\t<span class=\"elementor-button-content-wrapper\">\n\t\t\t\t\t\t\t<span class=\"elementor-button-icon\">\n\t\t\t\t<svg aria-hidden=\"true\" class=\"e-font-icon-svg e-far-arrow-alt-circle-down\" viewBox=\"0 0 512 512\" xmlns=\"http:\/\/www.w3.org\/2000\/svg\"><path d=\"M256 8C119 8 8 119 8 256s111 248 248 248 248-111 248-248S393 8 256 8zm0 448c-110.5 0-200-89.5-200-200S145.5 56 256 56s200 89.5 200 200-89.5 200-200 200zm-32-316v116h-67c-10.7 0-16 12.9-8.5 20.5l99 99c4.7 4.7 12.3 4.7 17 0l99-99c7.6-7.6 2.2-20.5-8.5-20.5h-67V140c0-6.6-5.4-12-12-12h-40c-6.6 0-12 5.4-12 12z\"><\/path><\/svg>\t\t\t<\/span>\n\t\t\t\t\t\t\t\t\t<span class=\"elementor-button-text\">Carregar mais<\/span>\n\t\t\t\t\t<\/span>\n\t\t\t\t\t<\/a>\n\t\t<\/div>\n\t\t\t\t<div class=\"e-load-more-message\"><\/div>\n\t\t\t\t\t\t<\/div>\n\t\t\t\t<\/div>\n\t\t\t\t\t<\/div>\n\t\t\t\t<\/div>\n\t\t\t\t<\/div>\n\t\t","protected":false},"excerpt":{"rendered":"<p>Blog<\/p>\n","protected":false},"author":1,"featured_media":0,"parent":0,"menu_order":0,"comment_status":"closed","ping_status":"closed","template":"","meta":{"footnotes":""},"class_list":["post-225","page","type-page","status-publish","hentry"],"yoast_head":"<!-- This site is optimized with the Yoast SEO plugin v26.8 - https:\/\/yoast.com\/product\/yoast-seo-wordpress\/ -->\n<title>Advocate<\/title>\n<meta name=\"description\" content=\"Se voc\u00ea tem algum problema legal em sua vida\u2026N\u00f3s estamos dispon\u00edveis\" \/>\n<meta name=\"robots\" content=\"index, follow, max-snippet:-1, max-image-preview:large, max-video-preview:-1\" \/>\n<link rel=\"canonical\" href=\"https:\/\/staging1.silvamg.com\/index.php\/blog\/\" \/>\n<meta property=\"og:locale\" content=\"pt_BR\" \/>\n<meta property=\"og:type\" content=\"article\" \/>\n<meta property=\"og:title\" content=\"Site staging1\" \/>\n<meta property=\"og:description\" content=\"Se voc\u00ea tem algum problema legal em sua vida\u2026N\u00f3s estamos dispon\u00edveis\" \/>\n<meta property=\"og:url\" content=\"https:\/\/staging1.silvamg.com\/index.php\/blog\/\" \/>\n<meta property=\"og:site_name\" content=\"Site staging1\" \/>\n<meta property=\"article:modified_time\" content=\"2025-07-30T20:45:41+00:00\" \/>\n<meta property=\"og:image\" content=\"https:\/\/staging1.silvamg.com\/wp-content\/uploads\/2025\/07\/favicon.png\" \/>\n\t<meta property=\"og:image:width\" content=\"202\" \/>\n\t<meta property=\"og:image:height\" content=\"202\" \/>\n\t<meta property=\"og:image:type\" content=\"image\/png\" \/>\n<meta name=\"twitter:card\" content=\"summary_large_image\" \/>\n<meta name=\"twitter:title\" content=\"Site staging1\" \/>\n<meta name=\"twitter:description\" content=\"Se voc\u00ea tem algum problema legal em sua vida\u2026N\u00f3s estamos dispon\u00edveis\" \/>\n<meta name=\"twitter:image\" content=\"https:\/\/staging1.silvamg.com\/wp-content\/uploads\/2025\/07\/favicon.png\" \/>\n<meta name=\"twitter:label1\" content=\"Est. tempo de leitura\" \/>\n\t<meta name=\"twitter:data1\" content=\"1 minuto\" \/>\n<script type=\"application\/ld+json\" class=\"yoast-schema-graph\">{\"@context\":\"https:\/\/schema.org\",\"@graph\":[{\"@type\":\"WebPage\",\"@id\":\"https:\/\/staging1.silvamg.com\/index.php\/blog\/\",\"url\":\"https:\/\/staging1.silvamg.com\/index.php\/blog\/\",\"name\":\"Advocate\",\"isPartOf\":{\"@id\":\"https:\/\/staging1.silvamg.com\/#website\"},\"datePublished\":\"2025-07-29T20:59:29+00:00\",\"dateModified\":\"2025-07-30T20:45:41+00:00\",\"description\":\"Se voc\u00ea tem algum problema legal em sua vida\u2026N\u00f3s estamos dispon\u00edveis\",\"breadcrumb\":{\"@id\":\"https:\/\/staging1.silvamg.com\/index.php\/blog\/#breadcrumb\"},\"inLanguage\":\"pt-BR\",\"potentialAction\":[{\"@type\":\"ReadAction\",\"target\":[\"https:\/\/staging1.silvamg.com\/index.php\/blog\/\"]}]},{\"@type\":\"BreadcrumbList\",\"@id\":\"https:\/\/staging1.silvamg.com\/index.php\/blog\/#breadcrumb\",\"itemListElement\":[{\"@type\":\"ListItem\",\"position\":1,\"name\":\"In\u00edcio\",\"item\":\"https:\/\/staging1.silvamg.com\/\"},{\"@type\":\"ListItem\",\"position\":2,\"name\":\"Blog\"}]},{\"@type\":\"WebSite\",\"@id\":\"https:\/\/staging1.silvamg.com\/#website\",\"url\":\"https:\/\/staging1.silvamg.com\/\",\"name\":\"Site staging1\",\"description\":\"Se voc\u00ea tem algum problema legal em sua vida, n\u00f3s estamos dispon\u00edveis.\",\"publisher\":{\"@id\":\"https:\/\/staging1.silvamg.com\/#organization\"},\"potentialAction\":[{\"@type\":\"SearchAction\",\"target\":{\"@type\":\"EntryPoint\",\"urlTemplate\":\"https:\/\/staging1.silvamg.com\/?s={search_term_string}\"},\"query-input\":{\"@type\":\"PropertyValueSpecification\",\"valueRequired\":true,\"valueName\":\"search_term_string\"}}],\"inLanguage\":\"pt-BR\"},{\"@type\":\"Organization\",\"@id\":\"https:\/\/staging1.silvamg.com\/#organization\",\"name\":\"Site staging1\",\"url\":\"https:\/\/staging1.silvamg.com\/\",\"logo\":{\"@type\":\"ImageObject\",\"inLanguage\":\"pt-BR\",\"@id\":\"https:\/\/staging1.silvamg.com\/#\/schema\/logo\/image\/\",\"url\":\"https:\/\/staging1.silvamg.com\/wp-content\/uploads\/2025\/07\/click.png\",\"contentUrl\":\"https:\/\/staging1.silvamg.com\/wp-content\/uploads\/2025\/07\/click.png\",\"width\":600,\"height\":177,\"caption\":\"Site staging1\"},\"image\":{\"@id\":\"https:\/\/staging1.silvamg.com\/#\/schema\/logo\/image\/\"}}]}<\/script>\n<!-- \/ Yoast SEO plugin. -->","yoast_head_json":{"title":"Advocate","description":"Se voc\u00ea tem algum problema legal em sua vida\u2026N\u00f3s estamos dispon\u00edveis","robots":{"index":"index","follow":"follow","max-snippet":"max-snippet:-1","max-image-preview":"max-image-preview:large","max-video-preview":"max-video-preview:-1"},"canonical":"https:\/\/staging1.silvamg.com\/index.php\/blog\/","og_locale":"pt_BR","og_type":"article","og_title":"Site staging1","og_description":"Se voc\u00ea tem algum problema legal em sua vida\u2026N\u00f3s estamos dispon\u00edveis","og_url":"https:\/\/staging1.silvamg.com\/index.php\/blog\/","og_site_name":"Site staging1","article_modified_time":"2025-07-30T20:45:41+00:00","og_image":[{"width":202,"height":202,"url":"https:\/\/staging1.silvamg.com\/wp-content\/uploads\/2025\/07\/favicon.png","type":"image\/png"}],"twitter_card":"summary_large_image","twitter_title":"Site staging1","twitter_description":"Se voc\u00ea tem algum problema legal em sua vida\u2026N\u00f3s estamos dispon\u00edveis","twitter_image":"https:\/\/staging1.silvamg.com\/wp-content\/uploads\/2025\/07\/favicon.png","twitter_misc":{"Est. tempo de leitura":"1 minuto"},"schema":{"@context":"https:\/\/schema.org","@graph":[{"@type":"WebPage","@id":"https:\/\/staging1.silvamg.com\/index.php\/blog\/","url":"https:\/\/staging1.silvamg.com\/index.php\/blog\/","name":"Advocate","isPartOf":{"@id":"https:\/\/staging1.silvamg.com\/#website"},"datePublished":"2025-07-29T20:59:29+00:00","dateModified":"2025-07-30T20:45:41+00:00","description":"Se voc\u00ea tem algum problema legal em sua vida\u2026N\u00f3s estamos dispon\u00edveis","breadcrumb":{"@id":"https:\/\/staging1.silvamg.com\/index.php\/blog\/#breadcrumb"},"inLanguage":"pt-BR","potentialAction":[{"@type":"ReadAction","target":["https:\/\/staging1.silvamg.com\/index.php\/blog\/"]}]},{"@type":"BreadcrumbList","@id":"https:\/\/staging1.silvamg.com\/index.php\/blog\/#breadcrumb","itemListElement":[{"@type":"ListItem","position":1,"name":"In\u00edcio","item":"https:\/\/staging1.silvamg.com\/"},{"@type":"ListItem","position":2,"name":"Blog"}]},{"@type":"WebSite","@id":"https:\/\/staging1.silvamg.com\/#website","url":"https:\/\/staging1.silvamg.com\/","name":"Site staging1","description":"Se voc\u00ea tem algum problema legal em sua vida, n\u00f3s estamos dispon\u00edveis.","publisher":{"@id":"https:\/\/staging1.silvamg.com\/#organization"},"potentialAction":[{"@type":"SearchAction","target":{"@type":"EntryPoint","urlTemplate":"https:\/\/staging1.silvamg.com\/?s={search_term_string}"},"query-input":{"@type":"PropertyValueSpecification","valueRequired":true,"valueName":"search_term_string"}}],"inLanguage":"pt-BR"},{"@type":"Organization","@id":"https:\/\/staging1.silvamg.com\/#organization","name":"Site staging1","url":"https:\/\/staging1.silvamg.com\/","logo":{"@type":"ImageObject","inLanguage":"pt-BR","@id":"https:\/\/staging1.silvamg.com\/#\/schema\/logo\/image\/","url":"https:\/\/staging1.silvamg.com\/wp-content\/uploads\/2025\/07\/click.png","contentUrl":"https:\/\/staging1.silvamg.com\/wp-content\/uploads\/2025\/07\/click.png","width":600,"height":177,"caption":"Site staging1"},"image":{"@id":"https:\/\/staging1.silvamg.com\/#\/schema\/logo\/image\/"}}]}},"_links":{"self":[{"href":"https:\/\/staging1.silvamg.com\/index.php\/wp-json\/wp\/v2\/pages\/225","targetHints":{"allow":["GET"]}}],"collection":[{"href":"https:\/\/staging1.silvamg.com\/index.php\/wp-json\/wp\/v2\/pages"}],"about":[{"href":"https:\/\/staging1.silvamg.com\/index.php\/wp-json\/wp\/v2\/types\/page"}],"author":[{"embeddable":true,"href":"https:\/\/staging1.silvamg.com\/index.php\/wp-json\/wp\/v2\/users\/1"}],"replies":[{"embeddable":true,"href":"https:\/\/staging1.silvamg.com\/index.php\/wp-json\/wp\/v2\/comments?post=225"}],"version-history":[{"count":16,"href":"https:\/\/staging1.silvamg.com\/index.php\/wp-json\/wp\/v2\/pages\/225\/revisions"}],"predecessor-version":[{"id":260,"href":"https:\/\/staging1.silvamg.com\/index.php\/wp-json\/wp\/v2\/pages\/225\/revisions\/260"}],"wp:attachment":[{"href":"https:\/\/staging1.silvamg.com\/index.php\/wp-json\/wp\/v2\/media?parent=225"}],"curies":[{"name":"wp","href":"https:\/\/api.w.org\/{rel}","templated":true}]}}